{"id":1554,"date":"2024-09-16T20:04:04","date_gmt":"2024-09-16T18:04:04","guid":{"rendered":"https:\/\/geced.org\/?page_id=1554"},"modified":"2024-09-16T20:05:06","modified_gmt":"2024-09-16T18:05:06","slug":"secretaire","status":"publish","type":"page","link":"https:\/\/geced.org\/en\/secretaire\/","title":{"rendered":"SECRETAIRE"},"content":{"rendered":"\n<p class=\"gutenify-section-0cde4f00-7456-11ef-998b-9ffae9550a42 gtfy-1\"><\/p>\n\n\n\n<div class=\"wp-block-group gutenify-section-bbdce1a0-692b-11ef-a36f-2554fa15fe74 is-vertical is-content-justification-left is-layout-flex wp-container-core-group-is-layout-2113f139 wp-block-group-is-layout-flex gtfy-9\" style=\"padding-right:var(--wp--preset--spacing--80);padding-left:var(--wp--preset--spacing--80)\">\n<p class=\"has-foreground-color has-text-color has-link-color gutenify-section-bbaca9e0-692b-11ef-a36f-2554fa15fe74 wp-elements-ff65633ccaec4ea6200aa9f4a07fd466 gtfy-4\"><strong>NOUS RECRUTONS UN.E SECR\u00c9TAIRE BILINGUE (H\/F)<\/strong><\/p>\n\n\n\n<p class=\"has-foreground-color has-text-color has-link-color gutenify-section-bbb7cd70-692b-11ef-a36f-2554fa15fe74 wp-elements-12d5b0b9388de49f9ef255c7b0a309aa gtfy-5\"><strong>Le cabinet GECED (Genre, Comp\u00e9titivit\u00e9 et D\u00e9veloppement Durable) recherche un.e Secr\u00e9taire bilingue. Il\/Elle est charg\u00e9(e) d\u2019apporter son soutien en mati\u00e8re de gestion, communication, information et suivi de dossiers.<\/strong><\/p>\n\n\n\n<p class=\"has-foreground-color has-text-color has-link-color gutenify-section-bbc16a60-692b-11ef-a36f-2554fa15fe74 wp-elements-8c494ff7ebc65137b1fc10aa72f0b88b gtfy-6\"><strong>Lieu d\u2019affectation : Abidjan<br>Les candidat(e)s int\u00e9ress\u00e9(e)s sont invit\u00e9(e)s \u00e0 envoyer leur CV r\u00e9cents + une lettre de motivation, par mail \u00e0 : infos@geced.org<\/strong><\/p>\n\n\n\n<p class=\"has-foreground-color has-text-color has-link-color gutenify-section-bbcb5570-692b-11ef-a36f-2554fa15fe74 wp-elements-80a76fdb08eaad701003526caddbea6f gtfy-7\"><strong>Date limite de candidature : [25 Septembre&nbsp;&nbsp;2024&nbsp;\u00e0&nbsp;17H]<\/strong><\/p>\n\n\n\n<div class=\"wp-block-file gutenify-section-bbd2f690-692b-11ef-a36f-2554fa15fe74 gtfy-8\"><a href=\"https:\/\/geced.org\/wp-content\/uploads\/2024\/09\/RECRUTEMENT-SECRETAIRE-OK.pdf\" class=\"wp-block-file__button wp-element-button\" download>T\u00e9l\u00e9charger l&rsquo;offre<\/a><\/div>\n<\/div>\n\n\n\n<p class=\"gutenify-section-2f2a1030-7456-11ef-998b-9ffae9550a42 gtfy-12\"><\/p>\n","protected":false},"excerpt":{"rendered":"<p>NOUS RECRUTONS UN.E SECR\u00c9TAIRE BILINGUE (H\/F) Le cabinet GECED (Genre, Comp\u00e9titivit\u00e9 et D\u00e9veloppement Durable) recherche [&hellip;]<\/p>\n","protected":false},"author":1,"featured_media":0,"parent":0,"menu_order":0,"comment_status":"closed","ping_status":"closed","template":"","meta":{"_gutenify_countdown_timer_type":"fixed","_gutenify_countdown_timer_evergreen_hours":24,"_gutenify_countdown_timer_evergreen_minutes":0,"_gutenify_countdown_timer_date":"","_gutenify_countdown_timer_timezone":"US\/Eastern","_gutenify_countdown_timer_end_action":"none","_gutenify_countdown_timer_hide_selector":"","_gutenify_countdown_timer_redirect_url":"","_uag_custom_page_level_css":"","_monsterinsights_skip_tracking":false,"_monsterinsights_sitenote_active":false,"_monsterinsights_sitenote_note":"","_monsterinsights_sitenote_category":0,"_kadence_starter_templates_imported_post":false,"footnotes":""},"class_list":["post-1554","page","type-page","status-publish","hentry"],"uagb_featured_image_src":{"full":false,"thumbnail":false,"medium":false,"medium_large":false,"large":false,"1536x1536":false,"2048x2048":false,"trp-custom-language-flag":false},"uagb_author_info":{"display_name":"geced.org","author_link":"https:\/\/geced.org\/en\/author\/geced-org\/"},"uagb_comment_info":0,"uagb_excerpt":"NOUS RECRUTONS UN.E SECR\u00c9TAIRE BILINGUE (H\/F) Le cabinet GECED (Genre, Comp\u00e9titivit\u00e9 et D\u00e9veloppement Durable) recherche [&hellip;]","_links":{"self":[{"href":"https:\/\/geced.org\/en\/wp-json\/wp\/v2\/pages\/1554","targetHints":{"allow":["GET"]}}],"collection":[{"href":"https:\/\/geced.org\/en\/wp-json\/wp\/v2\/pages"}],"about":[{"href":"https:\/\/geced.org\/en\/wp-json\/wp\/v2\/types\/page"}],"author":[{"embeddable":true,"href":"https:\/\/geced.org\/en\/wp-json\/wp\/v2\/users\/1"}],"replies":[{"embeddable":true,"href":"https:\/\/geced.org\/en\/wp-json\/wp\/v2\/comments?post=1554"}],"version-history":[{"count":2,"href":"https:\/\/geced.org\/en\/wp-json\/wp\/v2\/pages\/1554\/revisions"}],"predecessor-version":[{"id":1557,"href":"https:\/\/geced.org\/en\/wp-json\/wp\/v2\/pages\/1554\/revisions\/1557"}],"wp:attachment":[{"href":"https:\/\/geced.org\/en\/wp-json\/wp\/v2\/media?parent=1554"}],"curies":[{"name":"wp","href":"https:\/\/api.w.org\/{rel}","templated":true}]}}