{"id":1556,"date":"2024-09-16T20:05:38","date_gmt":"2024-09-16T18:05:38","guid":{"rendered":"https:\/\/geced.org\/?page_id=1556"},"modified":"2024-09-16T20:06:38","modified_gmt":"2024-09-16T18:06:38","slug":"auditeur","status":"publish","type":"page","link":"https:\/\/geced.org\/en\/auditeur\/","title":{"rendered":"AUDITEUR"},"content":{"rendered":"\n<p class=\"gutenify-section-1c5c1160-7456-11ef-998b-9ffae9550a42 gtfy-1\"><\/p>\n\n\n\n<div class=\"wp-block-group gutenify-section-bc192750-692b-11ef-a36f-2554fa15fe74 is-vertical is-content-justification-left is-layout-flex wp-container-core-group-is-layout-2113f139 wp-block-group-is-layout-flex gtfy-9\" style=\"padding-right:var(--wp--preset--spacing--80);padding-left:var(--wp--preset--spacing--80)\">\n<p class=\"has-foreground-color has-text-color has-link-color gutenify-section-bbf04290-692b-11ef-a36f-2554fa15fe74 wp-elements-81646e66f4c7657f675686b7029c44f0 gtfy-4\"><strong>NOUS RECRUTONS DES AUDITEUR.E.S (H\/F)<\/strong><\/p>\n\n\n\n<p class=\"has-foreground-color has-text-color has-link-color gutenify-section-bbfc5080-692b-11ef-a36f-2554fa15fe74 wp-elements-b4a165b23dcf8be9c4d44eb43de7a545 gtfy-5\"><strong>Le cabinet GECED recherche des auditeur.e.s charg\u00e9s de conduire les missions d\u2019audit et la supervision des \u00e9quipes.<\/strong><\/p>\n\n\n\n<p class=\"has-foreground-color has-text-color has-link-color gutenify-section-bc0725f0-692b-11ef-a36f-2554fa15fe74 wp-elements-a3fe0925a6c0248c29aa4b19edd3fd82 gtfy-6\"><strong>Lieu d\u2019affectation : Abidjan<br>Les candidat(e)s int\u00e9ress\u00e9(e)s sont invit\u00e9(e)s \u00e0 envoyer leur CV r\u00e9cents + une lettre de motivation, par mail \u00e0 : infos@geced.org<\/strong><\/p>\n\n\n\n<p class=\"has-foreground-color has-text-color has-link-color gutenify-section-bc109bd0-692b-11ef-a36f-2554fa15fe74 wp-elements-058b8891a688927578f54c198c2035a2 gtfy-7\"><strong>Date limite de candidature : [25 Septembre&nbsp;&nbsp;2024&nbsp;\u00e0&nbsp;17H]<\/strong><\/p>\n\n\n\n<div class=\"wp-block-file gutenify-section-f2fed840-692c-11ef-a36f-2554fa15fe74 gtfy-8\"><a href=\"https:\/\/geced.org\/wp-content\/uploads\/2024\/09\/RECRUTEMENT-AUDITEUR-OK.pdf\" class=\"wp-block-file__button wp-element-button\" download>T\u00e9l\u00e9charger l&rsquo;offre<\/a><\/div>\n<\/div>\n\n\n\n<p class=\"gutenify-section-4562b140-7456-11ef-998b-9ffae9550a42 gtfy-12\"><\/p>\n\n\n\n<div class=\"wp-block-uagb-image uagb-block-bb6d70f2 wp-block-uagb-image--layout-default wp-block-uagb-image--effect-static wp-block-uagb-image--align-none gutenify-section-4aa8ca40-7456-11ef-998b-9ffae9550a42 gtfy-15\"><figure class=\"wp-block-uagb-image__figure\"><\/figure><\/div>\n","protected":false},"excerpt":{"rendered":"<p>NOUS RECRUTONS DES AUDITEUR.E.S (H\/F) Le cabinet GECED recherche des auditeur.e.s charg\u00e9s de conduire les [&hellip;]<\/p>\n","protected":false},"author":1,"featured_media":0,"parent":0,"menu_order":0,"comment_status":"closed","ping_status":"closed","template":"","meta":{"_gutenify_countdown_timer_type":"fixed","_gutenify_countdown_timer_evergreen_hours":24,"_gutenify_countdown_timer_evergreen_minutes":0,"_gutenify_countdown_timer_date":"","_gutenify_countdown_timer_timezone":"US\/Eastern","_gutenify_countdown_timer_end_action":"none","_gutenify_countdown_timer_hide_selector":"","_gutenify_countdown_timer_redirect_url":"","_uag_custom_page_level_css":"","_monsterinsights_skip_tracking":false,"_monsterinsights_sitenote_active":false,"_monsterinsights_sitenote_note":"","_monsterinsights_sitenote_category":0,"_kadence_starter_templates_imported_post":false,"footnotes":""},"class_list":["post-1556","page","type-page","status-publish","hentry"],"uagb_featured_image_src":{"full":false,"thumbnail":false,"medium":false,"medium_large":false,"large":false,"1536x1536":false,"2048x2048":false,"trp-custom-language-flag":false},"uagb_author_info":{"display_name":"geced.org","author_link":"https:\/\/geced.org\/en\/author\/geced-org\/"},"uagb_comment_info":0,"uagb_excerpt":"NOUS RECRUTONS DES AUDITEUR.E.S (H\/F) Le cabinet GECED recherche des auditeur.e.s charg\u00e9s de conduire les [&hellip;]","_links":{"self":[{"href":"https:\/\/geced.org\/en\/wp-json\/wp\/v2\/pages\/1556","targetHints":{"allow":["GET"]}}],"collection":[{"href":"https:\/\/geced.org\/en\/wp-json\/wp\/v2\/pages"}],"about":[{"href":"https:\/\/geced.org\/en\/wp-json\/wp\/v2\/types\/page"}],"author":[{"embeddable":true,"href":"https:\/\/geced.org\/en\/wp-json\/wp\/v2\/users\/1"}],"replies":[{"embeddable":true,"href":"https:\/\/geced.org\/en\/wp-json\/wp\/v2\/comments?post=1556"}],"version-history":[{"count":3,"href":"https:\/\/geced.org\/en\/wp-json\/wp\/v2\/pages\/1556\/revisions"}],"predecessor-version":[{"id":1561,"href":"https:\/\/geced.org\/en\/wp-json\/wp\/v2\/pages\/1556\/revisions\/1561"}],"wp:attachment":[{"href":"https:\/\/geced.org\/en\/wp-json\/wp\/v2\/media?parent=1556"}],"curies":[{"name":"wp","href":"https:\/\/api.w.org\/{rel}","templated":true}]}}