{"id":575,"date":"2024-02-25T15:19:39","date_gmt":"2024-02-25T14:19:39","guid":{"rendered":"https:\/\/geced.org\/?page_id=575"},"modified":"2024-04-19T13:35:14","modified_gmt":"2024-04-19T11:35:14","slug":"mot-de-la-gerante","status":"publish","type":"page","link":"https:\/\/geced.org\/en\/mot-de-la-gerante\/","title":{"rendered":"Mot de la Gerante"},"content":{"rendered":"<p class=\"gutenify-section-48ab0be0-ea95-11ee-b4a9-bbd9b14be42c gtfy-1\"><\/p>\n\n\n\n<div class=\"wp-block-uagb-container gutenify-section-4e45fba0-ea95-11ee-b4a9-bbd9b14be42c uagb-block-17258488 alignfull uagb-is-root-container gtfy-14\"><div class=\"uagb-container-inner-blocks-wrap\">\n<div class=\"wp-block-uagb-container gutenify-section-58385ea0-ea95-11ee-b4a9-bbd9b14be42c uagb-block-32fff1a2 gtfy-5\">\n<div class=\"wp-block-uagb-image uagb-block-af0e66d9 wp-block-uagb-image--layout-default wp-block-uagb-image--effect-static wp-block-uagb-image--align-none gutenify-section-69c63c50-ea95-11ee-b4a9-bbd9b14be42c gtfy-4\"><figure class=\"wp-block-uagb-image__figure\"><img decoding=\"async\" srcset=\"https:\/\/geced.org\/wp-content\/uploads\/2024\/02\/GISELE.jpg ,https:\/\/geced.org\/wp-content\/uploads\/2024\/02\/GISELE.jpg 780w, https:\/\/geced.org\/wp-content\/uploads\/2024\/02\/GISELE.jpg 360w\" sizes=\"auto, (max-width: 480px) 150px\" src=\"https:\/\/geced.org\/wp-content\/uploads\/2024\/02\/GISELE.jpg\" alt=\"\" class=\"uag-image-579\" width=\"585\" height=\"596\" title=\"GISELE\" loading=\"lazy\" role=\"img\"\/><\/figure><\/div>\n<\/div>\n\n\n\n<div class=\"wp-block-uagb-container gutenify-section-58394900-ea95-11ee-b4a9-bbd9b14be42c uagb-block-e6b69117 gtfy-13\">\n<p class=\"gutenify-section-a60adae0-ea95-11ee-b4a9-bbd9b14be42c gtfy-6\">The Consulting firm GECED (Gender, Enterprise Competitiveness and Sustainable Development ) was founded in response to the urgent need to take account of the priorities of managers, employees, customers and stakeholders.<\/p>\n\n\n\n<p class=\"gutenify-section-a60bc540-ea95-11ee-b4a9-bbd9b14be42c gtfy-7\">Convinced that the integration of Gender as a tool for analysis, diagnosis and decision-making opens up countless new perspectives for the companies, organizations and states that implement it, we support them in carrying out gender audits and certification.<\/p>\n\n\n\n<p class=\"gutenify-section-a60c6180-ea95-11ee-b4a9-bbd9b14be42c gtfy-8\">Gender mainstreaming is linked to development, equal opportunities, social dialogue and innovation... for a competitive advantage and a position of choice and is becoming an essential part of the development strategies of all organizations, public-sector entity, private sector companies, associations and foundations, national public establishments and states.<\/p>\n\n\n\n<p class=\"gutenify-section-a60d24d0-ea95-11ee-b4a9-bbd9b14be42c gtfy-9\">For GECED, this means working alongside them to improve the representation and involvement of women and men in the management of public and private affairs.<\/p>\n\n\n\n<p class=\"gutenify-section-a60de820-ea95-11ee-b4a9-bbd9b14be42c gtfy-10\">We are a trusted, committed partner who will pay particular attention to each of your priorities in order to support you in your missions and challenges.<\/p>\n\n\n\n<p class=\"gutenify-section-a60eab70-ea95-11ee-b4a9-bbd9b14be42c gtfy-11\">Thank you for placing your trust in us.<\/p>\n\n\n\n<p class=\"gutenify-section-a61477d0-ea95-11ee-b4a9-bbd9b14be42c gtfy-12\"><em>Gis\u00e8le M\u00e8l\u00e8dje<\/em><\/p>\n<\/div>\n<\/div><\/div>","protected":false},"excerpt":{"rendered":"<p>C\u2019est pour r\u00e9pondre au besoin urgent de prendre en compte \u00e0 la fois les priorit\u00e9s [&hellip;]<\/p>\n","protected":false},"author":1,"featured_media":0,"parent":0,"menu_order":0,"comment_status":"closed","ping_status":"closed","template":"","meta":{"_uag_custom_page_level_css":"","_monsterinsights_skip_tracking":false,"_monsterinsights_sitenote_active":false,"_monsterinsights_sitenote_note":"","_monsterinsights_sitenote_category":0,"_kadence_starter_templates_imported_post":false,"footnotes":""},"class_list":["post-575","page","type-page","status-publish","hentry"],"uagb_featured_image_src":{"full":false,"thumbnail":false,"medium":false,"medium_large":false,"large":false,"1536x1536":false,"2048x2048":false,"trp-custom-language-flag":false},"uagb_author_info":{"display_name":"geced.org","author_link":"https:\/\/geced.org\/en\/author\/geced-org\/"},"uagb_comment_info":0,"uagb_excerpt":"C\u2019est pour r\u00e9pondre au besoin urgent de prendre en compte \u00e0 la fois les priorit\u00e9s [&hellip;]","_links":{"self":[{"href":"https:\/\/geced.org\/en\/wp-json\/wp\/v2\/pages\/575","targetHints":{"allow":["GET"]}}],"collection":[{"href":"https:\/\/geced.org\/en\/wp-json\/wp\/v2\/pages"}],"about":[{"href":"https:\/\/geced.org\/en\/wp-json\/wp\/v2\/types\/page"}],"author":[{"embeddable":true,"href":"https:\/\/geced.org\/en\/wp-json\/wp\/v2\/users\/1"}],"replies":[{"embeddable":true,"href":"https:\/\/geced.org\/en\/wp-json\/wp\/v2\/comments?post=575"}],"version-history":[{"count":20,"href":"https:\/\/geced.org\/en\/wp-json\/wp\/v2\/pages\/575\/revisions"}],"predecessor-version":[{"id":1313,"href":"https:\/\/geced.org\/en\/wp-json\/wp\/v2\/pages\/575\/revisions\/1313"}],"wp:attachment":[{"href":"https:\/\/geced.org\/en\/wp-json\/wp\/v2\/media?parent=575"}],"curies":[{"name":"wp","href":"https:\/\/api.w.org\/{rel}","templated":true}]}}